{"id":53,"date":"2020-01-03T16:23:33","date_gmt":"2020-01-03T15:23:33","guid":{"rendered":"http:\/\/lvps92-51-150-214.dedicated.hosteurope.de\/?page_id=53"},"modified":"2020-01-03T16:23:33","modified_gmt":"2020-01-03T15:23:33","slug":"music","status":"publish","type":"page","link":"https:\/\/www.real-sound-project.de\/fresh\/music\/","title":{"rendered":"Music"},"content":{"rendered":"<ul>\n<li style=\"list-style-type: none;\">\n<ul>\n<li style=\"list-style-type: none;\">\n<ul>\n<li>\n<p>Professionelle Ton-Technik (u.a. mit TW Audio, Klein+Hummel und Sennheiser)<\/p>\n<\/li>\n<li>\n<p>DJ Service f\u00fcr jeden Anlass (Galab\u00e4lle, Abifeten, Privatfeiern, usw.)<\/p>\n<\/li>\n<li>\n<p>K\u00fcnstlervermittlung von DJs und Bands<\/p>\n<\/li>\n<\/ul>\n<\/li>\n<\/ul>\n<\/li>\n<\/ul>\n    <!-- sktbuilder starter --><script type=\"text\/javascript\" src=\"https:\/\/www.real-sound-project.de\/fresh\/wp-content\/plugins\/skt-builder\/sktbuilder\/sktbuilder-frontend-starter.js\"><\/script><script type=\"text\/javascript\" src=\"https:\/\/www.real-sound-project.de\/fresh\/wp-content\/plugins\/skt-builder\/sktbuilder-wordpress-driver.js\"><\/script><script type=\"text\/javascript\"> var starter = new SktbuilderStarter({\"mode\": \"prod\", \"skip\":[\"jquery\",\"underscore\",\"backbone\"],\"sktbuilderUrl\": \"https:\/\/www.real-sound-project.de\/fresh\/wp-content\/plugins\/skt-builder\/sktbuilder\/\", \"driver\": new SktbuilderWordpressDriver({\"ajaxUrl\": \"https:\/\/www.real-sound-project.de\/fresh\/wp-admin\/admin-ajax.php\", \"iframeUrl\": \"https:\/\/www.real-sound-project.de\/fresh\/music\/?sktbuilder=true\", \"pageId\": 53, \"pages\": [{\"title\":\"Real Sound Project\",\"url\":\"https:\\\/\\\/www.real-sound-project.de\\\/fresh\\\/wp-admin\\\/post.php?post=7&action=sktbuilder\"},{\"title\":\"Kontakt\",\"url\":\"https:\\\/\\\/www.real-sound-project.de\\\/fresh\\\/wp-admin\\\/post.php?post=85&action=sktbuilder\"},{\"title\":\"Impressum\",\"url\":\"https:\\\/\\\/www.real-sound-project.de\\\/fresh\\\/wp-admin\\\/post.php?post=234&action=sktbuilder\"},{\"title\":\"Datenschutz\",\"url\":\"https:\\\/\\\/www.real-sound-project.de\\\/fresh\\\/wp-admin\\\/post.php?post=251&action=sktbuilder\"}], \"page\": \"Music\" }) });<\/script><!-- end sktbuilder starter -->","protected":false},"excerpt":{"rendered":"<p>Professionelle Ton-Technik (u.a. mit TW Audio, Klein+Hummel und Sennheiser) DJ Service f\u00fcr jeden Anlass (Galab\u00e4lle, Abifeten, Privatfeiern, usw.) K\u00fcnstlervermittlung von DJs und Bands<\/p>\n","protected":false},"author":1,"featured_media":0,"parent":0,"menu_order":0,"comment_status":"closed","ping_status":"closed","template":"","meta":{"_eb_attr":"","_gspb_post_css":"","inline_featured_image":false,"footnotes":""},"_links":{"self":[{"href":"https:\/\/www.real-sound-project.de\/fresh\/wp-json\/wp\/v2\/pages\/53"}],"collection":[{"href":"https:\/\/www.real-sound-project.de\/fresh\/wp-json\/wp\/v2\/pages"}],"about":[{"href":"https:\/\/www.real-sound-project.de\/fresh\/wp-json\/wp\/v2\/types\/page"}],"author":[{"embeddable":true,"href":"https:\/\/www.real-sound-project.de\/fresh\/wp-json\/wp\/v2\/users\/1"}],"replies":[{"embeddable":true,"href":"https:\/\/www.real-sound-project.de\/fresh\/wp-json\/wp\/v2\/comments?post=53"}],"version-history":[{"count":0,"href":"https:\/\/www.real-sound-project.de\/fresh\/wp-json\/wp\/v2\/pages\/53\/revisions"}],"wp:attachment":[{"href":"https:\/\/www.real-sound-project.de\/fresh\/wp-json\/wp\/v2\/media?parent=53"}],"curies":[{"name":"wp","href":"https:\/\/api.w.org\/{rel}","templated":true}]}}