{"id":251,"date":"2020-03-09T13:08:06","date_gmt":"2020-03-09T12:08:06","guid":{"rendered":"http:\/\/www.real-sound-project.de\/fresh\/?page_id=251"},"modified":"2023-04-16T21:31:12","modified_gmt":"2023-04-16T19:31:12","slug":"datenschutz","status":"publish","type":"page","link":"https:\/\/www.real-sound-project.de\/fresh\/datenschutz\/","title":{"rendered":"Datenschutz"},"content":{"rendered":"<div id=\"skt-builder-shortcode-block-90\" class=\"skt-builder-block-wrapper skt-builder-shortcode-block skt-builder-shortcode-block-90\" style=\"background-color: #151515; background-image: url(); padding-bottom: 50px; padding-top: 60px; \">\r\n\t<div class=\"skt-builder-block-inner skt-builder-block-inner-90\" style=\"\">\r\n\t\t<div class=\"skt-builder-container\">\r\n                <div class=\"skt-builder-block-description\"><h2><strong style=\"color: rgb(255, 255, 255);\"><u>Datenschutzerkl\u00e4rung<\/u><\/strong><\/h2><h3><span style=\"color: rgb(255, 255, 255);\">1. Datenschutz auf einen Blick<\/span><\/h3><p><strong style=\"color: rgb(255, 255, 255);\">Allgemeine Hinweise <\/strong><\/p><p><span style=\"color: rgb(255, 255, 255);\">Die folgenden Hinweise geben einen einfachen \u00dcberblick dar\u00fcber, was mit Ihren personenbezogenen Daten passiert, wenn Sie diese Website besuchen. Personenbezogene Daten sind alle Daten, mit denen Sie pers\u00f6nlich identifiziert werden k\u00f6nnen. Ausf\u00fchrliche Informationen zum Thema Datenschutz entnehmen Sie unserer unter diesem Text aufgef\u00fchrten Datenschutzerkl\u00e4rung.<\/span><\/p><p><br><\/p><h3><span style=\"color: rgb(255, 255, 255);\">Datenerfassung auf dieser Website<\/span><\/h3><p><strong style=\"color: rgb(255, 255, 255);\">Wer ist verantwortlich f\u00fcr die Datenerfassung auf dieser Website? <\/strong><\/p><p><span style=\"color: rgb(255, 255, 255);\">Die Datenverarbeitung auf dieser Website erfolgt durch den Websitebetreiber. Dessen Kontaktdaten k\u00f6nnen Sie dem Impressum dieser Website entnehmen.<\/span><\/p><p><br><\/p><p><strong style=\"color: rgb(255, 255, 255);\">Wie erfassen wir Ihre Daten? <\/strong><\/p><p><span style=\"color: rgb(255, 255, 255);\">Ihre Daten werden zum einen dadurch erhoben, dass Sie uns diese mitteilen. Hierbei kann es sich z. B. um Daten handeln, die Sie in ein Kontaktformular eingeben.<\/span><\/p><p><span style=\"color: rgb(255, 255, 255);\">Andere Daten werden automatisch oder nach Ihrer Einwilligung beim Besuch der Website durch unsere ITSysteme erfasst. Das sind vor allem technische Daten (z. B. Internetbrowser, Betriebssystem oder Uhrzeit des Seitenaufrufs). Die Erfassung dieser Daten erfolgt automatisch, sobald Sie diese Website betreten.<\/span><\/p><p><br><\/p><p><strong style=\"color: rgb(255, 255, 255);\">Wof\u00fcr nutzen wir Ihre Daten? <\/strong><\/p><p><span style=\"color: rgb(255, 255, 255);\">Ein Teil der Daten wird erhoben, um eine fehlerfreie Bereitstellung der Website zu gew\u00e4hrleisten. Andere Daten k\u00f6nnen zur Analyse Ihres Nutzerverhaltens verwendet werden.<\/span><\/p><p><br><\/p><p><strong style=\"color: rgb(255, 255, 255);\">Welche Rechte haben Sie bez\u00fcglich Ihrer Daten? <\/strong><\/p><p><span style=\"color: rgb(255, 255, 255);\">Sie haben jederzeit das Recht, unentgeltlich Auskunft \u00fcber Herkunft, Empf\u00e4nger und Zweck Ihrer gespeicherten personenbezogenen Daten zu erhalten. Sie haben au\u00dferdem ein Recht, die Berichtigung oder L\u00f6schung dieser Daten zu verlangen. Wenn Sie eine Einwilligung zur Datenverarbeitung erteilt haben, k\u00f6nnen Sie diese Einwilligung jederzeit f\u00fcr die Zukunft widerrufen. Au\u00dferdem haben Sie das Recht, unter bestimmten Umst\u00e4nden die Einschr\u00e4nkung der Verarbeitung Ihrer personenbezogenen Daten zu verlangen. Des Weiteren steht Ihnen ein Beschwerderecht bei der zust\u00e4ndigen Aufsichtsbeh\u00f6rde zu.<\/span><\/p><p><br><\/p><p><span style=\"color: rgb(255, 255, 255);\">Hierzu sowie zu weiteren Fragen zum Thema Datenschutz k\u00f6nnen Sie sich jederzeit unter der im Impressum angegebenen Adresse an uns wenden.<\/span><\/p><p><br><\/p><p><strong style=\"color: rgb(255, 255, 255);\">Analyse-Tools und Tools von Drittanbietern <\/strong><\/p><p><span style=\"color: rgb(255, 255, 255);\">Beim Besuch dieser Website kann Ihr Surf-Verhalten statistisch ausgewertet werden. Das geschieht vor allem mit Cookies und mit sogenannten Analyseprogrammen.<\/span><\/p><p><span style=\"color: rgb(255, 255, 255);\">Detaillierte Informationen zu diesen Analyseprogrammen finden Sie in der folgenden Datenschutzerkl\u00e4rung.<\/span><\/p><p><br><\/p><h3><span style=\"color: rgb(255, 255, 255);\">2. Hosting und Content Delivery Networks (CDN)<\/span><\/h3><p><strong style=\"color: rgb(255, 255, 255);\">Externes Hosting<\/strong><\/p><p><span style=\"color: rgb(255, 255, 255);\">Diese Website wird bei einem externen Dienstleister gehostet (Hoster). Die personenbezogenen Daten, die auf dieser Website erfasst werden, werden auf den Servern des Hosters gespeichert. Hierbei kann es sich v. a. um IP-Adressen, Kontaktanfragen, Meta- und Kommunikationsdaten, Vertragsdaten, Kontaktdaten, Namen, Webseitenzugriffe und sonstige Daten, die \u00fcber eine Website generiert werden, handeln.<\/span><\/p><p><span style=\"color: rgb(255, 255, 255);\">Der Einsatz des Hosters erfolgt zum Zwecke der Vertragserf\u00fcllung gegen\u00fcber unseren potenziellen und bestehenden Kunden (Art. 6 Abs. 1 lit. b DSGVO) und im Interesse einer sicheren, schnellen und effizienten Bereitstellung unseres Online-Angebots durch einen professionellen Anbieter (Art. 6 Abs. 1 lit. f DSGVO).<\/span><\/p><p><span style=\"color: rgb(255, 255, 255);\">Unser Hoster wird Ihre Daten nur insoweit verarbeiten, wie dies zur Erf\u00fcllung seiner Leistungspflichten erforderlich ist und unsere Weisungen in Bezug auf diese Daten befolgen.<\/span><\/p><p><br><\/p><p><strong style=\"color: rgb(255, 255, 255);\">Abschluss eines Vertrages \u00fcber Auftragsverarbeitung<\/strong><\/p><p><span style=\"color: rgb(255, 255, 255);\">Um die datenschutzkonforme Verarbeitung zu gew\u00e4hrleisten, haben wir einen Vertrag \u00fcber Auftragsverarbeitung mit unserem Hoster geschlossen.<\/span><\/p><p><br><\/p><h3><span style=\"color: rgb(255, 255, 255);\">3. Allgemeine Hinweise und Pflichtinformationen&nbsp;<\/span><\/h3><p><strong style=\"color: rgb(255, 255, 255);\">Datenschutz<\/strong><\/p><p><span style=\"color: rgb(255, 255, 255);\">Die Betreiber dieser Seiten nehmen den Schutz Ihrer pers\u00f6nlichen Daten sehr ernst. Wir behandeln Ihre personenbezogenen Daten vertraulich und entsprechend der gesetzlichen Datenschutzvorschriften sowie dieser Datenschutzerkl\u00e4rung.&nbsp;<\/span><\/p><p><span style=\"color: rgb(255, 255, 255);\">Wenn Sie diese Website benutzen, werden verschiedene personenbezogene Daten erhoben. Personenbezogene Daten sind Daten, mit denen Sie pers\u00f6nlich identifiziert werden k\u00f6nnen. Die vorliegende Datenschutzerkl\u00e4rung erl\u00e4utert, welche Daten wir erheben und wof\u00fcr wir sie nutzen. Sie erl\u00e4utert auch, wie und zu welchem Zweck das geschieht.<\/span><\/p><p><span style=\"color: rgb(255, 255, 255);\">Wir weisen darauf hin, dass die Daten\u00fcbertragung im Internet (z. B. bei der Kommunikation per E-Mail) Sicherheitsl\u00fccken aufweisen kann. Ein l\u00fcckenloser Schutz der Daten vor dem Zugriff durch Dritte ist nicht m\u00f6glich.<\/span><\/p><p><br><\/p><p><strong style=\"color: rgb(255, 255, 255);\">Hinweis zur verantwortlichen Stelle<\/strong><\/p><p><span style=\"color: rgb(255, 255, 255);\">Die verantwortliche Stelle f\u00fcr die Datenverarbeitung auf dieser Website ist:<\/span><\/p><p><br><\/p><p><span style=\"color: rgb(255, 255, 255);\">Sierk Hasemann<\/span><\/p><p><span style=\"color: rgb(255, 255, 255);\">Nordseher Str. 1<\/span><\/p><p><span style=\"color: rgb(255, 255, 255);\">31714 Lauenhagen<\/span><\/p><p><br><\/p><p><span style=\"color: rgb(255, 255, 255);\">Telefon: +49 175 2479622<\/span><\/p><p><span style=\"color: rgb(255, 255, 255);\">E-Mail: info@real-sound-project.de<\/span><\/p><p><br><\/p><p><span style=\"color: rgb(255, 255, 255);\">Verantwortliche Stelle ist die nat\u00fcrliche oder juristische Person, die allein oder gemeinsam mit anderen \u00fcber die Zwecke und Mittel der Verarbeitung von personenbezogenen Daten (z. B. Namen, E-Mail-Adressen o. \u00c4.) entscheidet.&nbsp;<\/span><\/p><p><br><\/p><p><strong style=\"color: rgb(255, 255, 255);\">Widerruf Ihrer Einwilligung zur Datenverarbeitung&nbsp;<\/strong><\/p><p><span style=\"color: rgb(255, 255, 255);\">Viele Datenverarbeitungsvorg\u00e4nge sind nur mit Ihrer ausdr\u00fccklichen Einwilligung m\u00f6glich. Sie k\u00f6nnen eine bereits erteilte Einwilligung jederzeit widerrufen. Dazu reicht eine formlose Mitteilung per E-Mail an uns. Die Rechtm\u00e4\u00dfigkeit der bis zum Widerruf erfolgten Datenverarbeitung bleibt vom Widerruf unber\u00fchrt.<\/span><\/p><p><br><\/p><p><strong style=\"color: rgb(255, 255, 255);\">Widerspruchsrecht gegen die Datenerhebung in besonderen F\u00e4llen sowie gegen Direktwerbung (Art. 21 DSGVO)&nbsp;<\/strong><\/p><p><span style=\"color: rgb(255, 255, 255);\">Wenn die Datenverarbeitung auf Grundlage von Art. 6 Abs. 1 Lit. E oder F DSGVO erfolgt, haben Sie jederzeit das Recht, aus Gr\u00fcnden, die sich aus Ihrer besonderen Situation ergeben, gegen die Verarbeitung ihrer personenbezogenen Daten Widerspruch einzulegen; dies gilt auch f\u00fcr ein auf diese Bestimmungen gest\u00fctztes Profiling. Die jeweilige Rechtsgrundlage, auf denen eine Verarbeitung beruht, entnehmen Sie dieser Datenschutzerkl\u00e4rung. Wenn Sie Widerspruch einlegen, werden wir Ihre betroffenen personenbezogenen Daten nicht mehr verarbeiten, es sei denn, wir k\u00f6nnen zwingende schutzw\u00fcrdige Gr\u00fcnde f\u00fcr die Verarbeitung nachweisen, die Ihre Interessen, Rechte und Freiheiten \u00fcberwiegen oder die Verarbeitung dient der Geltendmachung, Aus\u00fcbung oder Verteidigung von Rechtsanspr\u00fcchen (Widerspruch nach Art. 21 Abs. 1 DSGVO).<\/span><\/p><p><br><\/p><p><span style=\"color: rgb(255, 255, 255);\">Werden ihre personenbezogenen Daten verarbeitet, um Direktwerbung zu betreiben, so haben Sie das Recht, jederzeit Widerspruch gegen die Verarbeitung sie betreffender personenbezogener Daten zum Zwecke derartiger Werbung einzulegen; dies gilt auch f\u00fcr das Profiling, soweit es mit solcher Direktwerbung in Verbindung steht. Wenn Sie widersprechen, werden Ihre personenbezogenen Daten anschliessend nicht mehr zum Zwecke der Direktwerbung verwendet (Widerspruch nach art. 21 Abs. 2 DSGVO).<\/span><\/p><p><br><\/p><p><strong style=\"color: rgb(255, 255, 255);\">Beschwerderecht bei der zust\u00e4ndigen Aufsichtsbeh\u00f6rde<\/strong><\/p><p><span style=\"color: rgb(255, 255, 255);\">Im Falle von Verst\u00f6\u00dfen gegen die DSGVO steht den Betroffenen ein Beschwerderecht bei einer Aufsichtsbeh\u00f6rde, insbesondere in dem Mitgliedstaat ihres gew\u00f6hnlichen Aufenthalts, ihres Arbeitsplatzes oder des Orts des mutma\u00dflichen Versto\u00dfes zu. Das Beschwerderecht besteht unbeschadet anderweitiger verwaltungsrechtlicher oder gerichtlicher Rechtsbehelfe.<\/span><\/p><p><br><\/p><p><strong style=\"color: rgb(255, 255, 255);\">Recht auf Daten\u00fcbertragbarkeit<\/strong><\/p><p><span style=\"color: rgb(255, 255, 255);\">Sie haben das Recht, die Einschr\u00e4nkung der Verarbeitung Ihrer personenbezogenen Daten zu verlangen. Hierzu k\u00f6nnen Sie sich jederzeit unter der im Impressum angegebenen Adresse an uns wenden. Das Recht auf Einschr\u00e4nkung der Verarbeitung besteht in folgenden F\u00e4llen:<\/span><\/p><ul><li><span style=\"color: rgb(255, 255, 255);\">Wenn Sie die Richtigkeit Ihrer bei uns gespeicherten personenbezogenen Daten bestreiten, ben\u00f6tigen wir in der Regel Zeit, um dies zu \u00fcberpr\u00fcfen. F\u00fcr die Dauer der Pr\u00fcfung haben Sie das Recht, die Einschr\u00e4nkung der Verarbeitung Ihrer personenbezogenen Daten zu verlangen.<\/span><\/li><li><span style=\"color: rgb(255, 255, 255);\">Wenn die Verarbeitung Ihrer personenbezogenen Daten unrechtm\u00e4\u00dfig geschah\/geschieht, k\u00f6nnen Sie statt der L\u00f6schung die Einschr\u00e4nkung der Datenverarbeitung verlangen.<\/span><\/li><li><span style=\"color: rgb(255, 255, 255);\">Wenn wir Ihre personenbezogenen Daten nicht mehr ben\u00f6tigen, Sie sie jedoch zur Aus\u00fcbung, Verteidigung oder Geltendmachung von Rechtsanspr\u00fcchen ben\u00f6tigen, haben Sie das Recht, statt der L\u00f6schung die Einschr\u00e4nkung der Verarbeitung Ihrer personenbezogenen Daten zu verlangen.<\/span><\/li><li><span style=\"color: rgb(255, 255, 255);\">Wenn Sie einen Widerspruch nach Art. 21 Abs. 1 DSGVO eingelegt haben, muss eine Abw\u00e4gung zwischen Ihren und unseren Interessen vorgenommen werden. Solange noch nicht feststeht, wessen Interessen \u00fcberwiegen, haben Sie das Recht, die Einschr\u00e4nkung der Verarbeitung Ihrer personenbezogenen Daten zu verlangen.<\/span><\/li><\/ul><p><span style=\"color: rgb(255, 255, 255);\">Wenn Sie die Verarbeitung Ihrer personenbezogenen Daten eingeschr\u00e4nkt haben, d\u00fcrfen diese Daten \u2013 von ihrer Speicherung abgesehen \u2013 nur mit Ihrer Einwilligung oder zur Geltendmachung, Aus\u00fcbung oder Verteidigung von Rechtsanspr\u00fcchen oder zum Schutz der Rechte einer anderen nat\u00fcrlichen oder juristischen Person oder aus Gr\u00fcnden eines wichtigen \u00f6ffentlichen Interesses der Europ\u00e4ischen Union oder eines Mitgliedstaats verarbeitet werden.<\/span><\/p><p><br><\/p><h3><span style=\"color: rgb(255, 255, 255);\">4. Datenerfassung auf dieser Website<\/span><\/h3><p><strong style=\"color: rgb(255, 255, 255);\">Cookies<\/strong><\/p><p><span style=\"color: rgb(255, 255, 255);\">Unsere Internetseiten verwenden so genannte \u201eCookies\u201c. Cookies sind kleine Textdateien und richten auf Ihrem Endger\u00e4t keinen Schaden an. Sie werden entweder vor\u00fcbergehend f\u00fcr die Dauer einer Sitzung (Session-Cookies) oder dauerhaft (permanente Cookies) auf Ihrem Endger\u00e4t gespeichert. Session-Cookies werden nach Ende Ihres Besuchs automatisch gel\u00f6scht. Permanente Cookies bleiben auf Ihrem Endger\u00e4t gespeichert, bis Sie diese selbst l\u00f6schen oder eine automatische L\u00f6sung durch Ihren Webbrowser erfolgt.<\/span><\/p><p><br><\/p><p><span style=\"color: rgb(255, 255, 255);\">Teilweise k\u00f6nnen auch Cookies von Drittunternehmen auf Ihrem Endger\u00e4t gespeichert werden, wenn Sie unsere Seite betreten (Third-Party-Cookies). Diese erm\u00f6glichen uns oder Ihnen die Nutzung bestimmter Dienstleistungen des Drittunternehmens (z.B. Cookies zur Abwicklung von Zahlungsdienstleistungen).<\/span><\/p><p><br><\/p><p><span style=\"color: rgb(255, 255, 255);\">Cookies haben verschiedene Funktionen. Zahlreiche Cookies sind technisch notwendig, da bestimmte Webseitenfunktionen ohne diese nicht funktionieren w\u00fcrden (z.B. die Warenkorbfunktion oder die Anzeige von Videos). Andere Cookies dienen dazu, das Nutzerverhalten auszuwerten oder Werbung anzuzeigen.<\/span><\/p><p><br><\/p><p><span style=\"color: rgb(255, 255, 255);\">Cookies, die zur Durchf\u00fchrung des elektronischen Kommunikationsvorgangs (notwendige Cookies) oder zur Bereitstellung bestimmter, von Ihnen erw\u00fcnschter Funktionen (funktionale Cookies, z. B. f\u00fcr die Warenkorbfunktion) oder zur Optimierung der Webseite (z.B. Cookies zur Messung des Webpublikums) erforderlich sind, werden auf Grundlage von Art. 6 Abs. 1 lit. f DSGVO gespeichert, sofern keine andere Rechtsgrundlage angegeben wird. Der Websitebetreiber hat ein berechtigtes Interesse an der Speicherung von Cookies zur technisch fehlerfreien und optimierten Bereitstellung seiner Dienste. Sofern eine Einwilligung zur Speicherung von Cookies abgefragt wurde, erfolgt die Speicherung der betreffenden Cookies ausschlie\u00dflich auf Grundlage dieser Einwilligung (Art. 6 Abs. 1 lit. a DSGVO); die Einwilligung ist jederzeit widerrufbar.<\/span><\/p><p><br><\/p><p><span style=\"color: rgb(255, 255, 255);\">Sie k\u00f6nnen Ihren Browser so einstellen, dass Sie \u00fcber das Setzen von Cookies informiert werden und Cookies nur im Einzelfall erlauben, die Annahme von Cookies f\u00fcr bestimmte F\u00e4lle oder generell ausschlie\u00dfen sowie das automatische L\u00f6schen der Cookies beim Schlie\u00dfen des Browsers aktivieren. Bei der Deaktivierung von Cookies kann die Funktionalit\u00e4t dieser Website eingeschr\u00e4nkt sein.<\/span><\/p><p><br><\/p><p><span style=\"color: rgb(255, 255, 255);\">Soweit Cookies von Drittunternehmen oder zu Analysezwecken eingesetzt werden, werden wir Sie hier\u00fcber im Rahmen dieser Datenschutzerkl\u00e4rung gesondert informieren und ggf. eine Einwilligung abfragen.<\/span><\/p><p><br><\/p><p><strong style=\"color: rgb(255, 255, 255);\">Kontaktformular<\/strong><\/p><p><span style=\"color: rgb(255, 255, 255);\">Wenn Sie uns per Kontaktformular Anfragen zukommen lassen, werden Ihre Angaben aus dem Anfrageformular inklusive der von Ihnen dort angegebenen Kontaktdaten zwecks Bearbeitung der Anfrage und f\u00fcr den Fall von Anschlussfragen bei uns gespeichert. Diese Daten geben wir nicht ohne Ihre Einwilligung weiter.<\/span><\/p><p><span style=\"color: rgb(255, 255, 255);\">Die Verarbeitung dieser Daten erfolgt auf Grundlage von Art. 6 Abs. 1 lit. b DSGVO, sofern Ihre Anfrage mit der Erf\u00fcllung eines Vertrags zusammenh\u00e4ngt oder zur Durchf\u00fchrung vorvertraglicher Ma\u00dfnahmen erforderlich ist. In allen \u00fcbrigen F\u00e4llen beruht die Verarbeitung auf unserem berechtigten Interesse an der effektiven Bearbeitung der an uns gerichteten Anfragen (Art. 6 Abs. 1 lit. f DSGVO) oder auf Ihrer Einwilligung (Art. 6 Abs. 1 lit. a DSGVO) sofern diese abgefragt wurde.<\/span><\/p><p><span style=\"color: rgb(255, 255, 255);\">Die von Ihnen im Kontaktformular eingegebenen Daten verbleiben bei uns, bis Sie uns zur L\u00f6schung auffordern, Ihre Einwilligung zur Speicherung widerrufen oder der Zweck f\u00fcr die Datenspeicherung entf\u00e4llt (z. B. nach abgeschlossener Bearbeitung Ihrer Anfrage). Zwingende gesetzliche Bestimmungen \u2013 insbesondere Aufbewahrungsfristen \u2013 bleiben unber\u00fchrt.<\/span><\/p><p><br><\/p><p><strong style=\"color: rgb(255, 255, 255);\">Anfrage per E-Mail, Telefon oder Telefax&nbsp;<\/strong><\/p><p><span style=\"color: rgb(255, 255, 255);\">Wenn Sie uns per E-Mail, Telefon oder Telefax kontaktieren, wird Ihre Anfrage inklusive aller daraus hervorgehenden personenbezogenen Daten (Name, Anfrage) zum Zwecke der Bearbeitung Ihres Anliegens bei uns gespeichert und verarbeitet. Diese Daten geben wir nicht ohne Ihre Einwilligung weiter.<\/span><\/p><p><br><\/p><p><span style=\"color: rgb(255, 255, 255);\">Die Verarbeitung dieser Daten erfolgt auf Grundlage von Art. 6 Abs. 1 lit. b DSGVO, sofern Ihre Anfrage mit der Erf\u00fcllung eines Vertrags zusammenh\u00e4ngt oder zur Durchf\u00fchrung vorvertraglicher Ma\u00dfnahmen erforderlich ist. In allen \u00fcbrigen F\u00e4llen beruht die Verarbeitung auf unserem berechtigten Interesse an der effektiven Bearbeitung der an uns gerichteten Anfragen (Art. 6 Abs. 1 lit. f DSGVO) oder auf Ihrer Einwilligung (Art. 6 Abs. 1 lit. a DSGVO) sofern diese abgefragt wurde.<\/span><\/p><p><br><\/p><p><span style=\"color: rgb(255, 255, 255);\">Die von Ihnen an uns per Kontaktanfragen \u00fcbersandten Daten verbleiben bei uns, bis Sie uns zur L\u00f6schung auffordern, Ihre Einwilligung zur Speicherung widerrufen oder der Zweck f\u00fcr die Datenspeicherung entf\u00e4llt (z. B. nach abgeschlossener Bearbeitung Ihres Anliegens). Zwingende gesetzliche Bestimmungen \u2013 insbesondere gesetzliche Aufbewahrungsfristen \u2013 bleiben unber\u00fchrt.<\/span><\/p><p><br><\/p><h3><span style=\"color: rgb(255, 255, 255);\">5. Soziale Medien<\/span><\/h3><p><strong style=\"color: rgb(255, 255, 255);\">Instagram Plugin<\/strong><\/p><p><span style=\"color: rgb(255, 255, 255);\">Auf dieser Website sind Funktionen des Dienstes Instagram eingebunden. Diese Funktionen werden angeboten durch die Instagram Inc., 1601 Willow Road, Menlo Park, CA 94025, USA integriert.&nbsp;<\/span><\/p><p><br><\/p><p><span style=\"color: rgb(255, 255, 255);\">Wenn Sie in Ihrem Instagram-Account eingeloggt sind, k\u00f6nnen Sie durch Anklicken des Instagram-Buttons die Inhalte dieser Website mit Ihrem Instagram-Profil verlinken. Dadurch kann Instagram den Besuch dieser Website Ihrem Benutzerkonto zuordnen. Wir weisen darauf hin, dass wir als Anbieter der Seiten keine Kenntnis vom Inhalt der \u00fcbermittelten Daten sowie deren Nutzung durch Instagram erhalten.&nbsp;<\/span><\/p><p><br><\/p><p><span style=\"color: rgb(255, 255, 255);\">Die Speicherung und Analyse der Daten erfolgt auf Grundlage von Art. 6 Abs. 1 lit. f DSGVO. Der Webseitenbetreiber hat ein berechtigtes Interesse an einer m\u00f6glichst umfangreichen Sichtbarkeit in den Sozialen Medien. Sofern eine entsprechende Einwilligung abgefragt wurde, erfolgt die Verarbeitung ausschlie\u00dflich auf Grundlage von Art. 6 Abs. 1 lit. a DSGVO; die Einwilligung ist jederzeit widerrufbar.&nbsp;<\/span><\/p><p><br><\/p><p><span style=\"color: rgb(255, 255, 255);\">Weitere Informationen hierzu finden Sie in der Datenschutzerkl\u00e4rung von Instagram:<\/span> <a href=\"https:\/\/instagram.com\/about\/legal\/privacy\/\" target=\"_blank\" rel=\"noopener\">https:\/\/instagram.com\/about\/legal\/privacy\/.<\/a><\/p><p><br><\/p><p><span style=\"color: rgb(255, 255, 255);\">Quelle: <\/span><a href=\"https:\/\/www.e-recht24.de\/muster-datenschutzerklaerung.html\" target=\"_blank\" rel=\"noopener\">https:\/\/www.e-recht24.de\/muster-datenschutzerklaerung.html<\/a><\/p><\/div>\r\n\t\t<\/div>\r\n\t<\/div>\r\n<\/div>    <!-- sktbuilder starter --><script type=\"text\/javascript\" src=\"https:\/\/www.real-sound-project.de\/fresh\/wp-content\/plugins\/skt-builder\/sktbuilder\/sktbuilder-frontend-starter.js\"><\/script><script type=\"text\/javascript\" src=\"https:\/\/www.real-sound-project.de\/fresh\/wp-content\/plugins\/skt-builder\/sktbuilder-wordpress-driver.js\"><\/script><script type=\"text\/javascript\"> var starter = new SktbuilderStarter({\"mode\": \"prod\", \"skip\":[\"jquery\",\"underscore\",\"backbone\"],\"sktbuilderUrl\": \"https:\/\/www.real-sound-project.de\/fresh\/wp-content\/plugins\/skt-builder\/sktbuilder\/\", \"driver\": new SktbuilderWordpressDriver({\"ajaxUrl\": \"https:\/\/www.real-sound-project.de\/fresh\/wp-admin\/admin-ajax.php\", \"iframeUrl\": \"https:\/\/www.real-sound-project.de\/fresh\/datenschutz\/?sktbuilder=true\", \"pageId\": 251, \"pages\": [{\"title\":\"Real Sound Project\",\"url\":\"https:\\\/\\\/www.real-sound-project.de\\\/fresh\\\/wp-admin\\\/post.php?post=7&action=sktbuilder\"},{\"title\":\"Kontakt\",\"url\":\"https:\\\/\\\/www.real-sound-project.de\\\/fresh\\\/wp-admin\\\/post.php?post=85&action=sktbuilder\"},{\"title\":\"Impressum\",\"url\":\"https:\\\/\\\/www.real-sound-project.de\\\/fresh\\\/wp-admin\\\/post.php?post=234&action=sktbuilder\"}], \"page\": \"Datenschutz\" }) });<\/script><!-- end sktbuilder starter -->","protected":false},"excerpt":{"rendered":"<p>Datenschutzerkl\u00e4rung1. Datenschutz auf einen BlickAllgemeine Hinweise Die folgenden Hinweise geben einen einfachen \u00dcberblick dar\u00fcber, was mit Ihren personenbezogenen Daten passiert, wenn Sie diese Website besuchen. Personenbezogene Daten sind alle Daten, mit denen Sie pers\u00f6nlich identifiziert werden k\u00f6nnen. Ausf\u00fchrliche Informationen zum Thema Datenschutz entnehmen Sie unserer unter diesem Text aufgef\u00fchrten Datenschutzerkl\u00e4rung.Datenerfassung auf dieser WebsiteWer ist verantwortlich<br \/><a class=\"moretag\" href=\"https:\/\/www.real-sound-project.de\/fresh\/datenschutz\/\">+ Read More<\/a><\/p>\n","protected":false},"author":1,"featured_media":0,"parent":0,"menu_order":0,"comment_status":"closed","ping_status":"closed","template":"","meta":{"_eb_attr":"","_gspb_post_css":"","inline_featured_image":false,"footnotes":""},"_links":{"self":[{"href":"https:\/\/www.real-sound-project.de\/fresh\/wp-json\/wp\/v2\/pages\/251"}],"collection":[{"href":"https:\/\/www.real-sound-project.de\/fresh\/wp-json\/wp\/v2\/pages"}],"about":[{"href":"https:\/\/www.real-sound-project.de\/fresh\/wp-json\/wp\/v2\/types\/page"}],"author":[{"embeddable":true,"href":"https:\/\/www.real-sound-project.de\/fresh\/wp-json\/wp\/v2\/users\/1"}],"replies":[{"embeddable":true,"href":"https:\/\/www.real-sound-project.de\/fresh\/wp-json\/wp\/v2\/comments?post=251"}],"version-history":[{"count":6,"href":"https:\/\/www.real-sound-project.de\/fresh\/wp-json\/wp\/v2\/pages\/251\/revisions"}],"predecessor-version":[{"id":807,"href":"https:\/\/www.real-sound-project.de\/fresh\/wp-json\/wp\/v2\/pages\/251\/revisions\/807"}],"wp:attachment":[{"href":"https:\/\/www.real-sound-project.de\/fresh\/wp-json\/wp\/v2\/media?parent=251"}],"curies":[{"name":"wp","href":"https:\/\/api.w.org\/{rel}","templated":true}]}}